{"id":90,"date":"2018-05-07T12:02:45","date_gmt":"2018-05-07T12:02:45","guid":{"rendered":"http:\/\/advokatur-gotthard.ch\/?page_id=90"},"modified":"2018-05-07T12:21:46","modified_gmt":"2018-05-07T12:21:46","slug":"wo-finden-sie-uns","status":"publish","type":"page","link":"https:\/\/advokatur-gotthard.ch\/index.php\/wo-finden-sie-uns\/","title":{"rendered":"Wo finden Sie uns?"},"content":{"rendered":"<p><iframe loading=\"lazy\" width=\"600\" height=\"450\" style=\"border: 0;\" src=\"https:\/\/www.google.com\/maps\/embed?pb=!1m18!1m12!1m3!1d2702.360070827606!2d8.53453181583419!3d47.36589041256792!2m3!1f0!2f0!3f0!3m2!1i1024!2i768!4f13.1!3m3!1m2!1s0x479009ff7379be83%3A0x8a3a8d0e36b515d5!2sGotthardstrasse+21%2C+8002+Z%C3%BCrich!5e0!3m2!1sde!2sch!4v1525104434333\" frameborder=\"0\" allowfullscreen=\"allowfullscreen\"><span data-mce-type=\"bookmark\" style=\"display: inline-block; width: 0px; overflow: hidden; line-height: 0;\" class=\"mce_SELRES_start\">\ufeff<\/span><span data-mce-type=\"bookmark\" style=\"display: inline-block; width: 0px; overflow: hidden; line-height: 0;\" class=\"mce_SELRES_start\">\ufeff<\/span><\/iframe><\/p>\n<p><strong><u>Mit dem Auto<\/u>:<\/strong><br \/>\nParkhaus Park Hyatt Hotel<\/p>\n<p><u><strong>Mit der Bahn<u>:<\/u><\/strong><\/u><br \/>\nAb Z\u00fcrich Hauptbahnhof<br \/>\nTram Nr. 6, 7 oder 13 (ca.alle 2-3 Minuten)<br \/>\nbis Haltestelle Stockerstrasse<br \/>\nFussweg zur Kanzlei (ca. 200m)<\/p>\n<p><strong><u>N\u00fctzliche Links:<\/u><\/strong><br \/>\n<a href=\"https:\/\/online.fahrplan.zvv.ch\" target=\"_blank\" rel=\"noopener\">Online Fahrplan der Z\u00fcrcher Verkehrsbetriebe<\/a><br \/>\n<a href=\"https:\/\/www.sbb.ch\/home.html\" target=\"_blank\" rel=\"noopener\">Online Fahrplan SBB<\/a><br \/>\n<a href=\"http:\/\/www.flughafen-zuerich.ch\" target=\"_blank\" rel=\"noopener\">Flughafen Z\u00fcrich<\/a><\/p>\n","protected":false},"excerpt":{"rendered":"<p>\ufeff\ufeff Mit dem Auto: Parkhaus Park Hyatt Hotel Mit der Bahn: Ab Z\u00fcrich Hauptbahnhof Tram Nr. 6, 7 oder 13 (ca.alle 2-3 Minuten) bis Haltestelle Stockerstrasse Fussweg zur Kanzlei (ca. 200m) N\u00fctzliche Links: Online Fahrplan der Z\u00fcrcher Verkehrsbetriebe Online Fahrplan SBB Flughafen Z\u00fcrich<\/p>\n","protected":false},"author":1,"featured_media":0,"parent":0,"menu_order":0,"comment_status":"closed","ping_status":"closed","template":"","meta":{"footnotes":""},"class_list":["post-90","page","type-page","status-publish","hentry"],"_links":{"self":[{"href":"https:\/\/advokatur-gotthard.ch\/index.php\/wp-json\/wp\/v2\/pages\/90","targetHints":{"allow":["GET"]}}],"collection":[{"href":"https:\/\/advokatur-gotthard.ch\/index.php\/wp-json\/wp\/v2\/pages"}],"about":[{"href":"https:\/\/advokatur-gotthard.ch\/index.php\/wp-json\/wp\/v2\/types\/page"}],"author":[{"embeddable":true,"href":"https:\/\/advokatur-gotthard.ch\/index.php\/wp-json\/wp\/v2\/users\/1"}],"replies":[{"embeddable":true,"href":"https:\/\/advokatur-gotthard.ch\/index.php\/wp-json\/wp\/v2\/comments?post=90"}],"version-history":[{"count":3,"href":"https:\/\/advokatur-gotthard.ch\/index.php\/wp-json\/wp\/v2\/pages\/90\/revisions"}],"predecessor-version":[{"id":103,"href":"https:\/\/advokatur-gotthard.ch\/index.php\/wp-json\/wp\/v2\/pages\/90\/revisions\/103"}],"wp:attachment":[{"href":"https:\/\/advokatur-gotthard.ch\/index.php\/wp-json\/wp\/v2\/media?parent=90"}],"curies":[{"name":"wp","href":"https:\/\/api.w.org\/{rel}","templated":true}]}}