{"id":17,"date":"2018-04-17T09:01:22","date_gmt":"2018-04-17T09:01:22","guid":{"rendered":"http:\/\/advokatur-gotthard.ch\/?page_id=17"},"modified":"2026-04-07T15:48:56","modified_gmt":"2026-04-07T15:48:56","slug":"advokatur-gotthardstrasse-21","status":"publish","type":"page","link":"https:\/\/advokatur-gotthard.ch\/","title":{"rendered":"Advokatur Gotthard"},"content":{"rendered":"<div style=\"overflow: hidden; height: 1px;\">Wir<\/div>\n\n\n<p>Wir sind eine Gruppe unabh\u00e4ngiger Rechtsanw\u00e4lte mit B\u00fcror\u00e4umen an der Gotthardstrasse 21 in Z\u00fcrich<\/p>\n\n\n<p>function display_jalali_date() {<br \/>\n    \/\/ Erstellt ein formatter f\u00fcr den persischen Kalender<br \/>\n    $formatter = new IntlDateFormatter(<br \/>\n        &#8218;fa_IR@calendar=persian&#8216;,<br \/>\n        IntlDateFormatter::LONG,<br \/>\n        IntlDateFormatter::NONE,<br \/>\n        &#8218;Asia\/Tehran&#8216;,<br \/>\n        IntlDateFormatter::TRADITIONAL<br \/>\n    );<br \/>\n    return $formatter->format(new DateTime());<br \/>\n}<br \/>\nadd_shortcode(&#8218;jalali_date&#8216;, &#8218;display_jalali_date&#8216;);<\/p>\n\n\n\n<p><\/p>\n","protected":false},"excerpt":{"rendered":"<p>Wir Wir sind eine Gruppe unabh\u00e4ngiger Rechtsanw\u00e4lte mit B\u00fcror\u00e4umen an der Gotthardstrasse 21 in Z\u00fcrich<\/p>\n","protected":false},"author":1,"featured_media":0,"parent":0,"menu_order":0,"comment_status":"closed","ping_status":"closed","template":"","meta":{"footnotes":""},"class_list":["post-17","page","type-page","status-publish","hentry"],"_links":{"self":[{"href":"https:\/\/advokatur-gotthard.ch\/index.php\/wp-json\/wp\/v2\/pages\/17","targetHints":{"allow":["GET"]}}],"collection":[{"href":"https:\/\/advokatur-gotthard.ch\/index.php\/wp-json\/wp\/v2\/pages"}],"about":[{"href":"https:\/\/advokatur-gotthard.ch\/index.php\/wp-json\/wp\/v2\/types\/page"}],"author":[{"embeddable":true,"href":"https:\/\/advokatur-gotthard.ch\/index.php\/wp-json\/wp\/v2\/users\/1"}],"replies":[{"embeddable":true,"href":"https:\/\/advokatur-gotthard.ch\/index.php\/wp-json\/wp\/v2\/comments?post=17"}],"version-history":[{"count":30,"href":"https:\/\/advokatur-gotthard.ch\/index.php\/wp-json\/wp\/v2\/pages\/17\/revisions"}],"predecessor-version":[{"id":3324,"href":"https:\/\/advokatur-gotthard.ch\/index.php\/wp-json\/wp\/v2\/pages\/17\/revisions\/3324"}],"wp:attachment":[{"href":"https:\/\/advokatur-gotthard.ch\/index.php\/wp-json\/wp\/v2\/media?parent=17"}],"curies":[{"name":"wp","href":"https:\/\/api.w.org\/{rel}","templated":true}]}}