{"id":145,"date":"2019-05-17T11:03:36","date_gmt":"2019-05-17T11:03:36","guid":{"rendered":"http:\/\/advokatur-gotthard.ch\/?page_id=145"},"modified":"2020-12-15T15:33:40","modified_gmt":"2020-12-15T15:33:40","slug":"ihr-externer-rechtsdienst","status":"publish","type":"page","link":"https:\/\/advokatur-gotthard.ch\/index.php\/ihr-externer-rechtsdienst\/","title":{"rendered":"Ihr externer Rechtsdienst"},"content":{"rendered":"\n<p><br>Eine druckbare Version unseres Angebots (pdf-Datei) finden Sie <a rel=\"noreferrer noopener\" aria-label=\"hier (\u00f6ffnet in neuem Tab)\" href=\"https:\/\/advokatur-gotthard.ch\/wp-content\/uploads\/2019\/05\/Angebot-externer-Rechtsdienst.pdf\" target=\"_blank\">hier<\/a>. <\/p>\n\n\n\n<h1 class=\"wp-block-heading\"><strong>Wer?<\/strong><\/h1>\n\n\n\n<p>Unser Angebot richtet sich an dynamische mittlere und kleine Unternehmen, die darauf angewiesen sind, sich in einem immer komplexeren rechtlichen Umfeld sicher zu bewegen.<\/p>\n\n\n\n<h1 class=\"wp-block-heading\"><strong>Warum?<\/strong><\/h1>\n\n\n\n<p>Alle grossen Konzerne und Unternehmen besch\u00e4ftigen eine eigene Rechtsabteilung und das aus gutem Grund:<\/p>\n\n\n\n\n<table id=\"tablepress-1\" class=\"tablepress tablepress-id-1\">\n<tbody>\n<tr class=\"row-1\">\n\t<td class=\"column-1\">-<\/td><td class=\"column-2\">Jederzeit verf\u00fcgbares rechtliches Know-how erm\u00f6glicht es ihnen im Tagesgesch\u00e4ft Fehler zu vermeiden.<\/td>\n<\/tr>\n<tr class=\"row-2\">\n\t<td class=\"column-1\">-<\/td><td class=\"column-2\">Sie k\u00f6nnen ihre rechtliche Situation und ihre Struktu-ren laufend \u00fcberpr\u00fcfen <\/td>\n<\/tr>\n<tr class=\"row-3\">\n\t<td class=\"column-1\">-<\/td><td class=\"column-2\">Bei Projekten und Entwicklungen k\u00f6nnen bereits fr\u00fch die rechtlichen Gegebenheiten ber\u00fccksichtigt werden<\/td>\n<\/tr>\n<tr class=\"row-4\">\n\t<td class=\"column-1\">-<\/td><td class=\"column-2\">So kann verhindert werden, dass Probleme \u00fcberhaupt entstehen. <\/td>\n<\/tr>\n<tr class=\"row-5\">\n\t<td class=\"column-1\">-<\/td><td class=\"column-2\">Teure, aufw\u00e4ndige und imagesch\u00e4digende Prozesse k\u00f6nnen zum vornherein vermieden werden.<\/td>\n<\/tr>\n<\/tbody>\n<\/table>\n<!-- #tablepress-1 from cache -->\n\n\n\n<p>Ein externer Rechtsdienst erm\u00f6glicht Ihnen, diese Vorteile &#8211; ohne eigenes Personal &#8211; ebenfalls zu nutzen, indem Sie f\u00fcr einen monatlichen Pauschalbetrag Anwaltsdienstleistungen einkaufen. Dabei kann der Umfang der Leistungen entsprechend Ihren Bed\u00fcrfnissen flexibel gew\u00e4hlt werden.<\/p>\n\n\n\n<h2 class=\"wp-block-heading\">Vorteile:<\/h2>\n\n\n\n\n<table id=\"tablepress-2\" class=\"tablepress tablepress-id-2\">\n<tbody>\n<tr class=\"row-1\">\n\t<td class=\"column-1\">- <\/td><td class=\"column-2\">Sie kaufen nur den Leistungsumfang ein, den Sie tats\u00e4chlich ben\u00f6tigen.<\/td>\n<\/tr>\n<tr class=\"row-2\">\n\t<td class=\"column-1\">- <\/td><td class=\"column-2\">Pers\u00f6nliche Betreuung durch Ihren Anwalt.<\/td>\n<\/tr>\n<tr class=\"row-3\">\n\t<td class=\"column-1\">- <\/td><td class=\"column-2\">Sie profitieren von einem Netzwerk von Anw\u00e4lten und Treuh\u00e4ndern aus verschiedenen Spezialgebieten auf welches - Ihr Anwalt zur\u00fcckgreifen kann.<\/td>\n<\/tr>\n<tr class=\"row-4\">\n\t<td class=\"column-1\">- <\/td><td class=\"column-2\">Keine Lohn- und Lohnnebenkosten<\/td>\n<\/tr>\n<tr class=\"row-5\">\n\t<td class=\"column-1\">- <\/td><td class=\"column-2\">Die Stellvertretung bei Ferien und im Krankheitsfall ist gew\u00e4hrleistet. Ihnen entstehen keine zus\u00e4tzlichen Kosten.<\/td>\n<\/tr>\n<tr class=\"row-6\">\n\t<td class=\"column-1\">- <\/td><td class=\"column-2\">Keine Infrastrukturkosten.<\/td>\n<\/tr>\n<tr class=\"row-7\">\n\t<td class=\"column-1\">- <\/td><td class=\"column-2\">Tieferer Stundenansatz als bei der Beauftragung eines Anwalts im Einzelfall.<\/td>\n<\/tr>\n<\/tbody>\n<\/table>\n<!-- #tablepress-2 from cache -->\n\n\n\n<h1 class=\"wp-block-heading\"><strong>Was?<\/strong><\/h1>\n\n\n\n<p>Wir bieten Ihnen kompetente Beratung in verschiedenen Themenbereichen:<\/p>\n\n\n\n\n<table id=\"tablepress-3\" class=\"tablepress tablepress-id-3\">\n<tbody>\n<tr class=\"row-1\">\n\t<td class=\"column-1\">-<\/td><td class=\"column-2\">Anstellungsverh\u00e4ltnisse<\/td>\n<\/tr>\n<tr class=\"row-2\">\n\t<td class=\"column-1\"><\/td><td class=\"column-2\">Verkehr mit Beh\u00f6rden<\/td>\n<\/tr>\n<tr class=\"row-3\">\n\t<td class=\"column-1\">-<\/td><td class=\"column-2\">Gesch\u00e4fte mit Lieferanten<\/td>\n<\/tr>\n<tr class=\"row-4\">\n\t<td class=\"column-1\">-<\/td><td class=\"column-2\">Kundenbeziehungen<\/td>\n<\/tr>\n<tr class=\"row-5\">\n\t<td class=\"column-1\">-<\/td><td class=\"column-2\">Miete<\/td>\n<\/tr>\n<tr class=\"row-6\">\n\t<td class=\"column-1\">-<\/td><td class=\"column-2\">Vertragswesen<\/td>\n<\/tr>\n<tr class=\"row-7\">\n\t<td class=\"column-1\">-<\/td><td class=\"column-2\">IT und Datenschutz<\/td>\n<\/tr>\n<\/tbody>\n<\/table>\n<!-- #tablepress-3 from cache -->\n\n\n\n<p>Konkret k\u00f6nnen wir f\u00fcr Sie unter anderem folgende Leistungen erbringen:<\/p>\n\n\n\n\n<table id=\"tablepress-4\" class=\"tablepress tablepress-id-4\">\n<tbody>\n<tr class=\"row-1\">\n\t<td class=\"column-1\">-<\/td><td class=\"column-2\">Erstellen und Pr\u00fcfen von Vertr\u00e4gen<\/td>\n<\/tr>\n<tr class=\"row-2\">\n\t<td class=\"column-1\">-<\/td><td class=\"column-2\">Teilnahme an Sitzungen, Generalversammlungen etc.<\/td>\n<\/tr>\n<tr class=\"row-3\">\n\t<td class=\"column-1\">-<\/td><td class=\"column-2\">Korrespondenz in m\u00f6glichen Streitf\u00e4llen<\/td>\n<\/tr>\n<tr class=\"row-4\">\n\t<td class=\"column-1\">-<\/td><td class=\"column-2\">Vergleichsverhandlungen<\/td>\n<\/tr>\n<tr class=\"row-5\">\n\t<td class=\"column-1\">-<\/td><td class=\"column-2\">Betreibungen<\/td>\n<\/tr>\n<tr class=\"row-6\">\n\t<td class=\"column-1\">-<\/td><td class=\"column-2\">Mitarbeit als rechtliche Berater in Projekten<\/td>\n<\/tr>\n<tr class=\"row-7\">\n\t<td class=\"column-1\">-<\/td><td class=\"column-2\">Rechtliche \u00dcberpr\u00fcfung Ihrer Betrieblichen Strukturen und Abl\u00e4ufe<\/td>\n<\/tr>\n<tr class=\"row-8\">\n\t<td class=\"column-1\">-<\/td><td class=\"column-2\">\u2026und vieles mehr<\/td>\n<\/tr>\n<\/tbody>\n<\/table>\n<!-- #tablepress-4 from cache -->\n\n\n\n<h2 class=\"wp-block-heading\">Was nicht:<\/h2>\n\n\n\n<p>Wir vertreten Sie selbstverst\u00e4ndlich auch gerne im Prozessfall. Unser Angebot ersetzt aber keine Rechtsschutzversicherung. Diese \u00fcbernimmt in der Regel die Kosten im Streitfall. <\/p>\n\n\n\n<p>Die Kosten und der Aufwand von allf\u00e4lligen Prozessen sind weder f\u00fcr Sie noch f\u00fcr uns im Voraus absch\u00e4tzbar. Daher ist die F\u00fchrung von gerichtlichen Verfahren nicht in der Pauschale enthalten.<br><br><\/p>\n\n\n\n<h1 class=\"wp-block-heading\"><strong>Wieviel?<\/strong><\/h1>\n\n\n\n<p>Folgende Leistungspakete k\u00f6nnen vereinbart werden:<\/p>\n\n\n\n<p> <br> \n<table id=\"tablepress-5\" class=\"tablepress tablepress-id-5\">\n<tbody>\n<tr class=\"row-1\">\n\t<td class=\"column-1\"><strong>Monatliches Zeitguthaben<\/strong><\/td><td class=\"column-2\"><strong>Preis pro Monat (exkl. MWST)<\/strong><\/td>\n<\/tr>\n<tr class=\"row-2\">\n\t<td class=\"column-1\">4 Stunden<\/td><td class=\"column-2\">CHF 500.00<\/td>\n<\/tr>\n<tr class=\"row-3\">\n\t<td class=\"column-1\">8 Stunden<\/td><td class=\"column-2\">CHF 1'000.00<\/td>\n<\/tr>\n<tr class=\"row-4\">\n\t<td class=\"column-1\">12 Stunden<\/td><td class=\"column-2\">CHF 1'500.00<\/td>\n<\/tr>\n<tr class=\"row-5\">\n\t<td class=\"column-1\">16 Stunden<\/td><td class=\"column-2\">CHF 2'000.00<\/td>\n<\/tr>\n<tr class=\"row-6\">\n\t<td class=\"column-1\">20 Stunden<\/td><td class=\"column-2\">CHF 2'500.00<\/td>\n<\/tr>\n<tr class=\"row-7\">\n\t<td class=\"column-1\">24 Stunden<\/td><td class=\"column-2\">CHF 3'000.00<\/td>\n<\/tr>\n<tr class=\"row-8\">\n\t<td class=\"column-1\">28 Stunden<\/td><td class=\"column-2\">CHF 3'500.00<\/td>\n<\/tr>\n<tr class=\"row-9\">\n\t<td class=\"column-1\">32 Stunden<\/td><td class=\"column-2\">CHF 4'000.00<\/td>\n<\/tr>\n<\/tbody>\n<\/table>\n<!-- #tablepress-5 from cache -->   <\/p>\n\n\n\n<p>F\u00fcr Fotokopien, Telefon, Porto etc. wird eine Spesenpauschale von 3% des Paketpreises verrechnet (darin nicht eingeschlossen sind Reisespesen).<\/p>\n\n\n\n<p>Gerne kl\u00e4ren wir mit Ihnen im Rahmen eines pers\u00f6nlichen Vorgespr\u00e4ches Ihre Situation und Ihren individuellen Bedarf (ca. 1 Std. f\u00fcr CHF 200.00 exkl. MWST).<\/p>\n\n\n\n<h1 class=\"wp-block-heading\"><strong>Wie?<\/strong><\/h1>\n\n\n\n<p>Es gelten folgende Vertragsbedingungen:<\/p>\n\n\n\n<p> <br> \n<table id=\"tablepress-6\" class=\"tablepress tablepress-id-6\">\n<tbody>\n<tr class=\"row-1\">\n\t<td class=\"column-1\">-<\/td><td class=\"column-2\">Die Leistung erfolgt aufgrund eines Basisvertrages (Dauerschuldverh\u00e4ltnis). Es erfolgt keine monatliche Rechnungsstellung.<\/td>\n<\/tr>\n<tr class=\"row-2\">\n\t<td class=\"column-1\">-<\/td><td class=\"column-2\">Die anwaltliche Unabh\u00e4ngigkeit und die pers\u00f6nliche Betreuung bleiben gewahrt. Der Anwalt, sorgt f\u00fcr die Vermeidung von Interessenkonflikten.<\/td>\n<\/tr>\n<tr class=\"row-3\">\n\t<td class=\"column-1\">-<\/td><td class=\"column-2\">\u00dcber die genutzten Zeiteinheiten erstattet der Anwalt monatlich bis sp\u00e4testens zum 10. des Folgemonats Bericht. Der Bericht wir in der Regel per Email zugestellt.<\/td>\n<\/tr>\n<tr class=\"row-4\">\n\t<td class=\"column-1\">-<\/td><td class=\"column-2\">Wird gegen den Bericht innert 10 Tagen kein Einspruch erhoben, so gilt dieser als genehmigt.<\/td>\n<\/tr>\n<tr class=\"row-5\">\n\t<td class=\"column-1\">-<\/td><td class=\"column-2\">Wird dem Anwalt im Rahmen der Vereinbarung ein Auftrag erteilt, so wird der Aufwand f\u00fcr die Ausf\u00fch-rung zun\u00e4chst vom Zeitguthaben des Monats in Abzug gebracht in welchem der Auftrag erteilt wurde (mass-geblicher Zeitpunkt ist die Auftragserteilung). Dauert die Ausf\u00fchrung \u00fcber das Ende des Monats hinaus und ist das Guthaben des Monats der Auftragserteilung aufgebraucht, so wird der Aufwand vom Guthaben des Folgemonats in Abzug gebracht.<\/td>\n<\/tr>\n<tr class=\"row-6\">\n\t<td class=\"column-1\">-<\/td><td class=\"column-2\">F\u00fcr Auftr\u00e4ge die bis zum 5. des Folgemonats erteilt werden (Karenzfrist), wird ein allf\u00e4lliges Restguthaben des Vormonats noch angerechnet. Danach verf\u00e4llt das Restguthaben.<\/td>\n<\/tr>\n<tr class=\"row-7\">\n\t<td class=\"column-1\">-<\/td><td class=\"column-2\">Ein Zeitaufwand der das gebuchte Zeitguthaben \u00fcber-schreitet wird mit CHF 350.00 \/ Std. verrechnet.<\/td>\n<\/tr>\n<tr class=\"row-8\">\n\t<td class=\"column-1\">-<\/td><td class=\"column-2\">Der Vertrag wird mit einer Laufzeit von jeweils einem Jahr abgeschlossen und verl\u00e4ngert sich ohne K\u00fcndigung automatisch um ein weiteres Jahr. Die K\u00fcndigungsfrist betr\u00e4gt 3 Monate.<\/td>\n<\/tr>\n<\/tbody>\n<\/table>\n<!-- #tablepress-6 from cache -->   <\/p>\n\n\n\n<h1 class=\"wp-block-heading\"><strong>Bei wem?<\/strong><\/h1>\n\n\n\n<p>Wenn Sie an unserem Angebot interessiert sind, z\u00f6gern Sie nicht, mich zu kontaktieren: <\/p>\n\n\n\n<p>lic. iur. Andreas Schmid, Rechtsanwalt<br>Gotthardstrasse 21, 8002 Z\u00fcrich<br>Tel.: +41 (0)43 243 72 72<br>Email: <a href=\"mailto:schmid@as-law.ch\">schmid@as-law.ch<\/a>  <br><br><\/p>\n\n\n\n<h1 class=\"wp-block-heading\"><strong>Wer sind wir?<\/strong><\/h1>\n\n\n\n<p>Wir sind eine Gemeinschaft unabh\u00e4ngiger, erfahrener und gut vernetzter Rechtsanw\u00e4lte mit Spezialisierung in verschiedenen Rechtsgebieten, welche Ihre B\u00fcror\u00e4ume an der Gotthardstrasse 21 in Z\u00fcrich haben:<\/p>\n","protected":false},"excerpt":{"rendered":"<p>Eine druckbare Version unseres Angebots (pdf-Datei) finden Sie hier. Wer? Unser Angebot richtet sich an dynamische mittlere und kleine Unternehmen, die darauf angewiesen sind, sich in einem immer komplexeren rechtlichen Umfeld sicher zu bewegen. Warum? Alle grossen Konzerne und Unternehmen besch\u00e4ftigen eine eigene Rechtsabteilung und das aus gutem Grund: Ein [&hellip;]<\/p>\n","protected":false},"author":1,"featured_media":0,"parent":0,"menu_order":0,"comment_status":"closed","ping_status":"closed","template":"","meta":{"footnotes":""},"class_list":["post-145","page","type-page","status-publish","hentry"],"_links":{"self":[{"href":"https:\/\/advokatur-gotthard.ch\/index.php\/wp-json\/wp\/v2\/pages\/145","targetHints":{"allow":["GET"]}}],"collection":[{"href":"https:\/\/advokatur-gotthard.ch\/index.php\/wp-json\/wp\/v2\/pages"}],"about":[{"href":"https:\/\/advokatur-gotthard.ch\/index.php\/wp-json\/wp\/v2\/types\/page"}],"author":[{"embeddable":true,"href":"https:\/\/advokatur-gotthard.ch\/index.php\/wp-json\/wp\/v2\/users\/1"}],"replies":[{"embeddable":true,"href":"https:\/\/advokatur-gotthard.ch\/index.php\/wp-json\/wp\/v2\/comments?post=145"}],"version-history":[{"count":5,"href":"https:\/\/advokatur-gotthard.ch\/index.php\/wp-json\/wp\/v2\/pages\/145\/revisions"}],"predecessor-version":[{"id":3263,"href":"https:\/\/advokatur-gotthard.ch\/index.php\/wp-json\/wp\/v2\/pages\/145\/revisions\/3263"}],"wp:attachment":[{"href":"https:\/\/advokatur-gotthard.ch\/index.php\/wp-json\/wp\/v2\/media?parent=145"}],"curies":[{"name":"wp","href":"https:\/\/api.w.org\/{rel}","templated":true}]}}