{"id":109,"date":"2018-05-24T14:40:28","date_gmt":"2018-05-24T14:40:28","guid":{"rendered":"http:\/\/advokatur-gotthard.ch\/?page_id=109"},"modified":"2026-04-06T20:57:16","modified_gmt":"2026-04-06T20:57:16","slug":"datenschutzerklaerung","status":"publish","type":"page","link":"https:\/\/advokatur-gotthard.ch\/index.php\/datenschutzerklaerung\/","title":{"rendered":"Datenschutzerkl\u00e4rung"},"content":{"rendered":"<h4><strong>Datenschutzerkl\u00e4rung<\/strong><\/h4>\n<p>Die Website advokatur-gotthard.ch unterliegt schweizerischem&nbsp;<strong>Datenschutzrecht<\/strong>, insbesondere dem&nbsp;<a href=\"https:\/\/www.admin.ch\/opc\/de\/classified-compilation\/19920153\/index.html\" target=\"_blank\" rel=\"noopener\">Bundesgesetz \u00fcber den Datenschutz<\/a>&nbsp;(DSG) sowie allenfalls anwendbarem ausl\u00e4ndischem Datenschutzrecht wie beispielsweise der&nbsp;<a href=\"https:\/\/www.edoeb.admin.ch\/edoeb\/de\/home\/dokumentation\/rechtliche-grundlagen\/Datenschutz%20-%20International\/DSGVO.html\" target=\"_blank\" rel=\"noopener\">Datenschutz-Grundverordnung<\/a>&nbsp;(DSGVO) der Europ\u00e4ischen Union (EU). Die EU&nbsp;<a href=\"https:\/\/ec.europa.eu\/info\/law\/law-topic\/data-protection\/data-transfers-outside-eu\/adequacy-protection-personal-data-non-eu-countries_de\" target=\"_blank\" rel=\"noopener\">anerkennt<\/a>, dass das schweizerische Datenschutzrecht einen angemessenen Datenschutz gew\u00e4hrleistet.<\/p>\n<p>Wir k\u00f6nnen unsere Datenschutzerkl\u00e4rung jederzeit durch Ver\u00f6ffentlichung auf dieser Website anpassen.<\/p>\n<p>Der Zugriff auf unsere Website erfolgt mittels&nbsp;<strong>Transportverschl\u00fcsselung<\/strong>&nbsp;(SSL&nbsp;\/ TLS).<\/p>\n<p>Der Zugriff auf unsere Website unterliegt \u2013 wie jede Internet-Nutzung \u2013 der allgemeinen, anlasslosen, unterschiedslosen und verdachtsunabh\u00e4ngigen&nbsp;<strong>Massen\u00fcberwachung<\/strong>&nbsp;durch Sicherheitsbeh\u00f6rden in der Schweiz, in der EU, in den USA und in anderen Staaten. Wir haben keinen direkten Einfluss auf die entsprechende Bearbeitung von Personendaten durch Geheimdienste, Polizeistellen und sonstige Sicherheitsbeh\u00f6rden.<\/p>\n<p>Wir behalten uns vor, Google Analytics, einen Webanalysedienst der Google Inc. (&#8222;Google&#8220;) zur&nbsp;<strong>statistischen Auswertung<\/strong>&nbsp;der Nutzung unserer Website&nbsp;<em>ohne<\/em>&nbsp;Personenbezug zu verwenden.<\/p>\n<p>&nbsp;<\/p>\n<h6><strong>Bearbeitung von Personendaten<\/strong><\/h6>\n<p><strong>Personendaten<\/strong>&nbsp;sind alle Angaben, die sich auf eine bestimmte oder bestimmbare Person beziehen. Eine betroffene Person ist eine Person, \u00fcber die Personendaten bearbeitet werden.&nbsp;<strong>Bearbeiten<\/strong>&nbsp;umfasst&nbsp;<em>jeden<\/em>&nbsp;Umgang mit Personendaten, unabh\u00e4ngig von den angewandten Mitteln und Verfahren, insbesondere das Aufbewahren, Bekanntgeben, Beschaffen, L\u00f6schen, Speichern, Ver\u00e4ndern, Vernichten und Verwenden von Personendaten.<\/p>\n<p>Wir bearbeiten Personendaten im Einklang mit dem schweizerischen Datenschutzrecht. Im \u00dcbrigen bearbeiten wir\u2013 soweit und sofern die DSGVO anwendbar ist \u2013 Personendaten gem\u00e4ss folgenden Rechtsgrundlagen:<\/p>\n<ul>\n<li>6 Abs. 1 lit. a DSGVO f\u00fcr die Bearbeitung von Personendaten mit Einwilligung der betroffenen Person.<\/li>\n<li>6 Abs. 1 lit. b DSGVO f\u00fcr die erforderliche Bearbeitung von Personendaten zur Erf\u00fcllung eines Vertrages mit der betroffenen Person sowie zur Durchf\u00fchrung entsprechender vorvertraglicher Massnahmen.<\/li>\n<li>6 Abs. 1 lit. c DSGVO f\u00fcr die erforderliche Bearbeitung von Personendaten zur Erf\u00fcllung einer rechtlichen Verpflichtung, der wir gem\u00e4ss allenfalls anwendbarem Recht der EU oder gem\u00e4ss allenfalls anwendbarem Recht eines Landes, in dem die DSGVO ganz oder teilweise anwendbar ist, unterliegen.<\/li>\n<li>6 Abs. 1 lit. d DSGVO f\u00fcr die erforderliche Bearbeitung von Personendaten um lebenswichtige Interessen der betroffenen Person oder einer anderen nat\u00fcrlichen Person zu sch\u00fctzen.<\/li>\n<li>6 Abs. 1 lit. f DSGVO f\u00fcr die erforderliche Bearbeitung von Personendaten um die berechtigten Interessen von uns oder von Dritten zu wahren, sofern nicht die Grundfreiheiten und Grundrechte sowie Interessen der betroffenen Person \u00fcberwiegen. Berechtigte Interessen sind insbesondere unsere betriebswirtschaftlichen Interessen, unsere Website bereitstellen zu k\u00f6nnen, die Informationssicherheit, die Durchsetzung von eigenen rechtlichen Anspr\u00fcchen und die Einhaltung von schweizerischem Recht.<\/li>\n<\/ul>\n<p>Wir bearbeiten Personendaten f\u00fcr jene&nbsp;Dauer, die f\u00fcr den jeweiligen Zweck oder die jeweiligen Zwecke erforderlich ist. Bei l\u00e4nger dauernden Aufbewahrungspflichten aufgrund von gesetzlichen und sonstigen Pflichten, denen wir unterliegen, schr\u00e4nken wir die Bearbeitung entsprechend ein.<\/p>\n<p>&nbsp;<\/p>\n<h6><strong>Kontaktformulare<\/strong><\/h6>\n<p>Auf unserer Website k\u00f6nnen allenfalls&nbsp;<strong>Kontaktformulare<\/strong>&nbsp;ausgef\u00fcllt werden. wir speichern jene Angaben, welche Besucherinnen und Besucher unserer Website selbst erfassen. Ausserdem k\u00f6nnen wir die IP-Adresse sowie Zeit und Datum zur Bek\u00e4mpfung von Missbrauch wie insbesondere Identit\u00e4tsdiebstahl und Spam speichern.<\/p>\n<p>&nbsp;<\/p>\n<h6><strong>Dienste von Dritten<\/strong><\/h6>\n<p>Wir verwenden&nbsp;<a href=\"https:\/\/www.google.ch\/maps\" target=\"_blank\" rel=\"noopener\">Google Maps<\/a>&nbsp;f\u00fcr das Einbetten von Karten, Dieser Dienst der amerikanischen Google LLC verwendet unter anderem Cookies und es werden Daten an Google in den USA \u00fcbertragen, wobei wir davon ausgehen, dass in diesem Rahmen kein personenbezogenes Tracking allein durch die Nutzung unserer Website stattfindet. Google hat sich verpflichtet, einen angemessenen Datenschutz gem\u00e4ss dem amerikanisch-europ\u00e4ischen und dem amerikanisch-schweizerischen&nbsp;<a href=\"https:\/\/www.privacyshield.gov\/participant?id=a2zt000000001L5AAI\" target=\"_blank\" rel=\"noopener\">Privacy Shield<\/a>&nbsp;zu gew\u00e4hrleisten. Weitere Informationen finden sich in der&nbsp;<a href=\"https:\/\/www.google.com\/intl\/de\/policies\/privacy\/\" target=\"_blank\" rel=\"noopener\">Datenschutzerkl\u00e4rung<\/a>&nbsp;von Google.<\/p>\n<p>&nbsp;<\/p>\n<p>Wir hosten unsere Website bei der&nbsp;Hosttech GmbH, Seestrasse 15A, 8805 Richterswil in der Schweiz. Bei der&nbsp;Hosttech GmbH werden f\u00fcr jeden Zugriff auf diese Website standardm\u00e4ssige&nbsp;Webserver-Logdateien&nbsp;mit folgenden Angaben erstellt: IP-Adresse, Datum und Uhrzeit einschliesslich Zeitzone, Browser-Anfrage einschliesslich Herkunft der Anfrage (Referer), verwendetes Betriebssystem einschliesslich Benutzeroberfl\u00e4che und Version, verwendeter Browser einschliesslich Sprache und Version, \u00fcbertragene Datenmenge. Die Logdateien dienen zur Erkennung von technischen Problemen sowie zur Gew\u00e4hrleistung der Sicherheit und zur statistischen Auswertung der Nutzung unserer Website mit Google Analytics, einen Webanalysedienst der Google Inc. (&#8222;Google&#8220;), die unser Hoster Hosttech GmbH einsetzt. Wir verweisen hierzu auf die <a href=\"https:\/\/www.hosttech.ch\/datenschutz\" target=\"_blank\" rel=\"noopener\">Datenschutzerkl\u00e4rung<\/a> der Hosttech GmbH.<\/p>\n<p>&nbsp;<\/p>\n<h6><strong>Rechte von betroffenen Personen<\/strong><\/h6>\n<p>Besucherinnen und Besucher unserer Website sowie andere Personen, \u00fcber die wir Personendaten bearbeiten, k\u00f6nnen unentgeltlich eine Best\u00e4tigung, ob Personendaten durch uns bearbeitet werden sowie, falls ja,&nbsp;Auskunft&nbsp;\u00fcber unsere Bearbeitung ihrer Personendaten verlangen, die Bearbeitung ihrer Personendaten einschr\u00e4nken lassen, ihr Recht auf Daten\u00fcbertragbarkeit \u2013 sofern und soweit die DSGVO anwendbar ist \u2013&nbsp;wahrnehmen, ihre Personendaten berichtigen, l\u00f6schen (\u00abRecht auf Vergessenwerden\u00bb) oder sperren lassen, erteilte Einwilligungen widerrufen und Widerspruch gegen die Bearbeitung ihrer Personendaten erheben.<\/p>\n<p>Personen, \u00fcber die wir Personendaten bearbeiten, verf\u00fcgen \u00fcber ein&nbsp;Beschwerderecht bei einer zust\u00e4ndigen Aufsichtsbeh\u00f6rde f\u00fcr den Datenschutz. Aufsichtsbeh\u00f6rde f\u00fcr den Datenschutz in der Schweiz ist der&nbsp;<a href=\"https:\/\/www.edoeb.admin.ch\/\" target=\"_blank\" rel=\"noopener\">Eidgen\u00f6ssische Datenschutz- und \u00d6ffentlichkeitsbeauftragte<\/a>&nbsp;(ED\u00d6B).<\/p>\n<p>&nbsp;<\/p>\n<h6><strong>Kontaktadressen und Verantwortung<\/strong><\/h6>\n<p>Anfragen von Aufsichtsbeh\u00f6rden und betroffenen Personen erreichen uns in der Regel per E-Mail, sind aber auch per Briefpost m\u00f6glich:<\/p>\n<p>Verantwortlich f\u00fcr den Datenschutz ist Rechtsanwalt&nbsp;lic. iur. Andreas Schmid<\/p>\n<p><strong>l<\/strong><strong>ic<\/strong><strong>.<\/strong><strong> iur. Andreas Schmid<\/strong><br \/>\nGotthardstrasse 21<br \/>\n8002 Z\u00fcrich<br \/>\nSchweiz<br \/>\ninfo@as-law.ch<\/p>\n<p>&nbsp;<\/p>\n<p>Die Verarbeitung von personenbezogenen Daten aufgrund von \u00fcber die Website erfassten Daten erfolgt nur gelegentlich. Es findet keine umfangreiche Verarbeitung besonderer Datenkategorien im Sinne des Artikels 9 Absatz 1 DSGVO oder eine umfangreiche Verarbeitung von personenbezogenen Daten \u00fcber strafrechtliche Verurteilungen und Straftaten im Sinne des Artikels 10 DSGVO statt (vgl Art. 27 Abs. 2 lit. a DSGVO). Die Bearbeitung sensibler pers\u00f6nlicher Daten findet ausschliesslich im Rahmen eines ausdr\u00fccklichen separaten Mandatsvertrages mit Zustimmung des Klienten und unter Ber\u00fccksichtigung der Bestimmungen der DSGVO wie auch des&nbsp;<a href=\"https:\/\/www.sav-fsa.ch\/de\/anwaltsrecht\/\">relevanten Berufs- und Standesrechts,<\/a><span>&nbsp;<\/span>wie insbesondere des&nbsp;<a href=\"https:\/\/www.admin.ch\/opc\/de\/classified-compilation\/19994700\/index.html\">Bundesgesetzes \u00fcber die Freiz\u00fcgigkeit der Anw\u00e4ltinnen und Anw\u00e4lte<\/a>&nbsp;(Anwaltsgesetz, BGFA) und der&nbsp;<a href=\"https:\/\/www.sav-fsa.ch\/de\/anwaltsrecht\/berufsregeln-national.html\">Schweizerischen Standesregeln<\/a>&nbsp;(SSR) und des&nbsp;<a href=\"http:\/\/www.zh.ch\/internet\/de\/rechtliche_grundlagen\/gesetze\/erlass.html?Open&#038;Ordnr=215.1\">Anwaltsgesetzes des Kantons Z\u00fcrich<\/a> statt (Anwaltsgeheimnis)<\/p>\n<p>&nbsp;<\/p>\n","protected":false},"excerpt":{"rendered":"<p>Datenschutzerkl\u00e4rung Die Website advokatur-gotthard.ch unterliegt schweizerischem&nbsp;Datenschutzrecht, insbesondere dem&nbsp;Bundesgesetz \u00fcber den Datenschutz&nbsp;(DSG) sowie allenfalls anwendbarem ausl\u00e4ndischem Datenschutzrecht wie beispielsweise der&nbsp;Datenschutz-Grundverordnung&nbsp;(DSGVO) der Europ\u00e4ischen Union (EU). Die EU&nbsp;anerkennt, dass das schweizerische Datenschutzrecht einen angemessenen Datenschutz gew\u00e4hrleistet. Wir k\u00f6nnen unsere Datenschutzerkl\u00e4rung jederzeit durch Ver\u00f6ffentlichung auf dieser Website anpassen. Der Zugriff auf unsere Website erfolgt [&hellip;]<\/p>\n","protected":false},"author":1,"featured_media":0,"parent":0,"menu_order":0,"comment_status":"closed","ping_status":"closed","template":"","meta":{"footnotes":""},"class_list":["post-109","page","type-page","status-publish","hentry"],"_links":{"self":[{"href":"https:\/\/advokatur-gotthard.ch\/index.php\/wp-json\/wp\/v2\/pages\/109","targetHints":{"allow":["GET"]}}],"collection":[{"href":"https:\/\/advokatur-gotthard.ch\/index.php\/wp-json\/wp\/v2\/pages"}],"about":[{"href":"https:\/\/advokatur-gotthard.ch\/index.php\/wp-json\/wp\/v2\/types\/page"}],"author":[{"embeddable":true,"href":"https:\/\/advokatur-gotthard.ch\/index.php\/wp-json\/wp\/v2\/users\/1"}],"replies":[{"embeddable":true,"href":"https:\/\/advokatur-gotthard.ch\/index.php\/wp-json\/wp\/v2\/comments?post=109"}],"version-history":[{"count":7,"href":"https:\/\/advokatur-gotthard.ch\/index.php\/wp-json\/wp\/v2\/pages\/109\/revisions"}],"predecessor-version":[{"id":3267,"href":"https:\/\/advokatur-gotthard.ch\/index.php\/wp-json\/wp\/v2\/pages\/109\/revisions\/3267"}],"wp:attachment":[{"href":"https:\/\/advokatur-gotthard.ch\/index.php\/wp-json\/wp\/v2\/media?parent=109"}],"curies":[{"name":"wp","href":"https:\/\/api.w.org\/{rel}","templated":true}]}}