{"id":108,"date":"2018-05-24T14:40:28","date_gmt":"2018-05-24T14:40:28","guid":{"rendered":"http:\/\/advokatur-gotthard.ch\/?page_id=108"},"modified":"2026-04-06T21:45:04","modified_gmt":"2026-04-06T21:45:04","slug":"impressum","status":"publish","type":"page","link":"https:\/\/advokatur-gotthard.ch\/index.php\/impressum\/","title":{"rendered":"Impressum"},"content":{"rendered":"<h4><strong>Impressum<\/strong><\/h4>\n<p>Advokatur-Gotthardstrasse<br \/>\nGotthardstrasse 21<br \/>\n1. Stock<br \/>\n8002 Z\u00fcrich<br \/>\nSchweiz<\/p>\n<p>Telefon\u00a0<a href=\"callto:+41445331360\">+41 43 243 72 72<\/a><br \/>\nFax +41 43 344 91 50<br \/>\nE-Mail\u00a0info@as-law.ch<\/p>\n<h6><strong>Aufsichtsbeh\u00f6rde<\/strong><\/h6>\n<p><a href=\"http:\/\/www.gerichte-zh.ch\/organisation\/obergericht\/kommissionen\/aufsichtskommission-ueber-rechtsanwaelte.html\" target=\"_blank\" rel=\"noopener\">Aufsichtskommission \u00fcber die Anw\u00e4ltinnen und Anw\u00e4lte im Kanton Z\u00fcrich<\/a><br \/>\nHirschengraben 15<br \/>\nPostfach 2401<br \/>\n8021 Z\u00fcrich<br \/>\nSchweiz<\/p>\n<h6><strong>Berufsbezeichnung<\/strong><\/h6>\n<p>Die Berufsbezeichnung aller auf dieser Homepage aufgef\u00fchrten Anw\u00e4lte lautet Rechtsanwalt (verliehen in der Schweiz und eingetragen im\u00a0<a href=\"http:\/\/www.gerichte-zh.ch\/organisation\/obergericht\/kommissionen\/aufsichtskommission-ueber-rechtsanwaelte\/anwaltsregister.html\" target=\"_blank\" rel=\"noopener\">Anwaltsregister des Kantons Z\u00fcrich<\/a>).<\/p>\n<p>Der Schweizerische Anwaltsverband (SAV) ver\u00f6ffentlicht auf seiner Website das\u00a0<a href=\"https:\/\/www.sav-fsa.ch\/de\/anwaltsrecht\/\" target=\"_blank\" rel=\"noopener\">relevante Berufs- und Standesrecht<\/a>\u00a0wie insbesondere das\u00a0<a href=\"https:\/\/www.admin.ch\/opc\/de\/classified-compilation\/19994700\/index.html\" target=\"_blank\" rel=\"noopener\">Bundesgesetz \u00fcber die Freiz\u00fcgigkeit der Anw\u00e4ltinnen und Anw\u00e4lte<\/a>\u00a0(Anwaltsgesetz, BGFA) und die\u00a0<a href=\"https:\/\/www.sav-fsa.ch\/de\/anwaltsrecht\/berufsregeln-national.html\" target=\"_blank\" rel=\"noopener\">Schweizerische Standesregeln<\/a>\u00a0(SSR). Das\u00a0<a href=\"http:\/\/www.zh.ch\/internet\/de\/rechtliche_grundlagen\/gesetze\/erlass.html?Open&amp;Ordnr=215.1\" target=\"_blank\" rel=\"noopener\">Anwaltsgesetz des Kantons Z\u00fcrich<\/a>\u00a0kann auf der Website der Z\u00fcrcher Gesetzessammlung abgerufen werden.<\/p>\n<h6><strong>Berufsverb\u00e4nde<\/strong><\/h6>\n<p>lic. iur. Andreas Schmid ist Mitglied im <a href=\"http:\/\/www.sav-fsa.ch\/\" target=\"_blank\" rel=\"noopener\">Schweizerischen Anwaltsverband\u00a0<\/a>(SAV) und im\u00a0<a href=\"http:\/\/www.zav.ch\/\" target=\"_blank\" rel=\"noopener\">Z\u00fcrcher Anwaltsverband<\/a>\u00a0(ZAV).<\/p>\n","protected":false},"excerpt":{"rendered":"<p>Impressum Advokatur-Gotthardstrasse Gotthardstrasse 21 1. Stock 8002 Z\u00fcrich Schweiz Telefon\u00a0+41 43 243 72 72 Fax +41 43 344 91 50 E-Mail\u00a0info@as-law.ch Aufsichtsbeh\u00f6rde Aufsichtskommission \u00fcber die Anw\u00e4ltinnen und Anw\u00e4lte im Kanton Z\u00fcrich Hirschengraben 15 Postfach 2401 8021 Z\u00fcrich Schweiz Berufsbezeichnung Die Berufsbezeichnung aller auf dieser Homepage aufgef\u00fchrten Anw\u00e4lte lautet Rechtsanwalt (verliehen [&hellip;]<\/p>\n","protected":false},"author":1,"featured_media":0,"parent":0,"menu_order":0,"comment_status":"closed","ping_status":"closed","template":"","meta":{"footnotes":""},"class_list":["post-108","page","type-page","status-publish","hentry"],"_links":{"self":[{"href":"https:\/\/advokatur-gotthard.ch\/index.php\/wp-json\/wp\/v2\/pages\/108","targetHints":{"allow":["GET"]}}],"collection":[{"href":"https:\/\/advokatur-gotthard.ch\/index.php\/wp-json\/wp\/v2\/pages"}],"about":[{"href":"https:\/\/advokatur-gotthard.ch\/index.php\/wp-json\/wp\/v2\/types\/page"}],"author":[{"embeddable":true,"href":"https:\/\/advokatur-gotthard.ch\/index.php\/wp-json\/wp\/v2\/users\/1"}],"replies":[{"embeddable":true,"href":"https:\/\/advokatur-gotthard.ch\/index.php\/wp-json\/wp\/v2\/comments?post=108"}],"version-history":[{"count":7,"href":"https:\/\/advokatur-gotthard.ch\/index.php\/wp-json\/wp\/v2\/pages\/108\/revisions"}],"predecessor-version":[{"id":3317,"href":"https:\/\/advokatur-gotthard.ch\/index.php\/wp-json\/wp\/v2\/pages\/108\/revisions\/3317"}],"wp:attachment":[{"href":"https:\/\/advokatur-gotthard.ch\/index.php\/wp-json\/wp\/v2\/media?parent=108"}],"curies":[{"name":"wp","href":"https:\/\/api.w.org\/{rel}","templated":true}]}}